{"id":7529,"date":"2019-01-28T11:16:32","date_gmt":"2019-01-28T11:16:32","guid":{"rendered":"http:\/\/www.prosol.it\/human-nutrition-nervous-system\/"},"modified":"2021-03-05T14:56:44","modified_gmt":"2021-03-05T14:56:44","slug":"human-nutrition-nervous-system","status":"publish","type":"page","link":"https:\/\/www.prosol.it\/it\/human-nutrition-nervous-system\/","title":{"rendered":"Nutrizione Umana &#8211; Sistema Nervoso"},"content":{"rendered":"<p><div class=\"fusion-fullwidth fullwidth-box fusion-builder-row-1 hundred-percent-fullwidth non-hundred-percent-height-scrolling\" style=\"--awb-border-radius-top-left:0px;--awb-border-radius-top-right:0px;--awb-border-radius-bottom-right:0px;--awb-border-radius-bottom-left:0px;--awb-padding-top:0px;--awb-padding-right:0px;--awb-padding-bottom:0px;--awb-padding-left:0px;--awb-flex-wrap:wrap;\" ><div class=\"fusion-builder-row fusion-row\"><div class=\"fusion-layout-column fusion_builder_column fusion-builder-column-0 fusion_builder_column_1_2 1_2 fusion-one-half fusion-column-first\" style=\"--awb-padding-top:50px;--awb-padding-right:40px;--awb-padding-bottom:50px;--awb-padding-left:40px;--awb-bg-size:cover;width:50%;width:calc(50% - ( ( 0px ) * 0.5 ) );margin-right: 0px;\"><div class=\"fusion-column-wrapper fusion-flex-column-wrapper-legacy\"><div class=\"fusion-title title fusion-title-1 fusion-sep-none fusion-title-text fusion-title-size-one\"><h1 class=\"fusion-title-heading title-heading-left fusion-responsive-typography-calculated\" style=\"margin:0;--fontSize:36;line-height:1.1;\"><h2>Nucleotidi e Sistema nervoso<\/h2><\/h1><\/div><div class=\"fusion-sep-clear\"><\/div><div class=\"fusion-separator fusion-clearfix\" style=\"float:left;margin-top:0px;margin-bottom:20px;width:100%;max-width:100px;\"><div class=\"fusion-separator-border sep-single sep-solid\" style=\"--awb-height:20px;--awb-amount:20px;--awb-sep-color:#00904a;border-color:#00904a;border-top-width:2px;\"><\/div><\/div><div class=\"fusion-sep-clear\"><\/div><div class=\"fusion-text fusion-text-1\"><p>Vi sono prove crescenti che i <strong>nucleotidi<\/strong> possono influenzare diversi aspetti della funzione corporea e della salute, incluso il <strong>sistema nervoso<\/strong>. I nucleotidi, infatti, possono contribuire a migliorare <em>l&#8217;apprendimento<\/em>, la <em>memoria<\/em> e sono associati a diminuzioni del deterioramento indotto dall&#8217;et\u00e0 della morfologia cerebrale.<\/p>\n<p>Le cellule cerebrali non sono in grado di sintetizzare i nucleotidi; pertanto, l&#8217;offerta dietetica \u00e8 focale per il sistema nervoso centrale. I nucleotidi stimolano la proliferazione delle cellule gliali, promuovono la circolazione vascolare cerebrale e migliorano il metabolismo lipidico della corteccia cerebrale. Le conseguenze naturali sono un miglioramento della memoria e dell\u2019apprendimento, soprattutto nelle persone anziane.<\/p>\n<p>Per saperne di pi\u00f9 sui <strong>nucleotidi<\/strong> Prosol per il <strong>sistema nervoso<\/strong> contattaci.<\/p>\n<\/div><div class=\"fusion-clearfix\"><\/div><\/div><\/div><div class=\"fusion-layout-column fusion_builder_column fusion-builder-column-1 fusion_builder_column_1_2 1_2 fusion-one-half fusion-column-last\" style=\"--awb-bg-size:cover;width:50%;width:calc(50% - ( ( 0px ) * 0.5 ) );\"><div class=\"fusion-column-wrapper fusion-flex-column-wrapper-legacy\"><div class=\"fusion-image-element in-legacy-container\" style=\"--awb-caption-title-font-family:var(--h2_typography-font-family);--awb-caption-title-font-weight:var(--h2_typography-font-weight);--awb-caption-title-font-style:var(--h2_typography-font-style);--awb-caption-title-size:var(--h2_typography-font-size);--awb-caption-title-transform:var(--h2_typography-text-transform);--awb-caption-title-line-height:var(--h2_typography-line-height);--awb-caption-title-letter-spacing:var(--h2_typography-letter-spacing);\"><span class=\" fusion-imageframe imageframe-none imageframe-1 hover-type-none\"><img decoding=\"async\" width=\"800\" height=\"600\" title=\"img_nervous_system\" src=\"http:\/\/www.prosol.it\/wp-content\/uploads\/2019\/01\/img_nervous_system.jpg\" alt class=\"img-responsive wp-image-7530\" srcset=\"https:\/\/www.prosol.it\/wp-content\/uploads\/2019\/01\/img_nervous_system-200x150.jpg 200w, https:\/\/www.prosol.it\/wp-content\/uploads\/2019\/01\/img_nervous_system-400x300.jpg 400w, https:\/\/www.prosol.it\/wp-content\/uploads\/2019\/01\/img_nervous_system-600x450.jpg 600w, https:\/\/www.prosol.it\/wp-content\/uploads\/2019\/01\/img_nervous_system.jpg 800w\" sizes=\"(max-width: 1024px) 100vw, 600px\" \/><\/span><\/div><div class=\"fusion-clearfix\"><\/div><\/div><\/div><\/div><\/div><div class=\"fusion-fullwidth fullwidth-box fusion-builder-row-2 hundred-percent-fullwidth non-hundred-percent-height-scrolling\" style=\"--awb-border-radius-top-left:0px;--awb-border-radius-top-right:0px;--awb-border-radius-bottom-right:0px;--awb-border-radius-bottom-left:0px;--awb-padding-top:0px;--awb-padding-bottom:0px;--awb-background-color:#f5f5f5;--awb-flex-wrap:wrap;\" ><div class=\"fusion-builder-row fusion-row\"><div class=\"fusion-layout-column fusion_builder_column fusion-builder-column-2 fusion_builder_column_1_1 1_1 fusion-one-full fusion-column-first fusion-column-last\" style=\"--awb-padding-top:50px;--awb-bg-size:cover;\"><div class=\"fusion-column-wrapper fusion-flex-column-wrapper-legacy\"><div class=\"fusion-text fusion-text-2\"><h3 style=\"text-align: center;\">Vantaggi dei nucleotidi sul sistema nervoso<\/h3>\n<\/div><div class=\"fusion-clearfix\"><\/div><\/div><\/div><div class=\"fusion-layout-column fusion_builder_column fusion-builder-column-3 fusion_builder_column_1_3 1_3 fusion-one-third fusion-column-first\" style=\"--awb-bg-size:cover;width:33.333333333333%;width:calc(33.333333333333% - ( ( 4% + 4% ) * 0.33333333333333 ) );margin-right: 4%;\"><div class=\"fusion-column-wrapper fusion-flex-column-wrapper-legacy\"><div class=\"fusion-text fusion-text-3\"><p><strong>MALATTIA DI ALZHEIMER<\/strong><\/p>\n<p>Il declino cognitivo nella <strong>malattia di Alzheimer<\/strong> \u00e8 correlato alla perdita sinaptica e molti dei componenti necessari per mantenere una funzione sinaptica ottimale sono derivati da fonti alimentari. Studi clinici hanno dimostrato che i nucleotidi possono avere effetti benefici sulla degenerazione sinaptica nella malattia di Alzheimer.<\/p>\n<\/div><div class=\"fusion-clearfix\"><\/div><\/div><\/div><div class=\"fusion-layout-column fusion_builder_column fusion-builder-column-4 fusion_builder_column_1_3 1_3 fusion-one-third\" style=\"--awb-bg-size:cover;width:33.333333333333%;width:calc(33.333333333333% - ( ( 4% + 4% ) * 0.33333333333333 ) );margin-right: 4%;\"><div class=\"fusion-column-wrapper fusion-flex-column-wrapper-legacy\"><div class=\"fusion-text fusion-text-4\"><p><strong>MORBO DI PARKINSON<\/strong><\/p>\n<p>La malattia di Parkinson \u00e8 caratterizzata dalla progressiva degenerazione dei neuroni nigrostriatici dopaminergici, con riduzioni della funzione e della quantit\u00e0 di sinapsi dopaminergiche. Uno studio ha esaminato il potenziale terapeutico di un trattamento dietetico che include tra gli altri Uridina 5\u2019-monofosfato (UMP), DHA, vitamine e minerali. I risultati mostrano che i problemi motori e non motori sono stati parzialmente alleviati.<\/p>\n<\/div><div class=\"fusion-clearfix\"><\/div><\/div><\/div><div class=\"fusion-layout-column fusion_builder_column fusion-builder-column-5 fusion_builder_column_1_3 1_3 fusion-one-third fusion-column-last\" style=\"--awb-bg-size:cover;width:33.333333333333%;width:calc(33.333333333333% - ( ( 4% + 4% ) * 0.33333333333333 ) );\"><div class=\"fusion-column-wrapper fusion-flex-column-wrapper-legacy\"><div class=\"fusion-text fusion-text-5\"><p><strong>NEUROPATIA PERIFERICA<\/strong><\/p>\n<p>La neuropatia periferica \u00e8 una condizione comune la cui incidenza e la sua incidenza \u00e8 dell&#8217;8% circa negli anziani. Il dolore neuropatico colpisce pi\u00f9 della met\u00e0 di tutti i pazienti con neuropatia. La combinazione di UMP + acido folico + vitamina B12 \u00e8 efficace contro il dolore neuropatico associato alla neuropatia periferica, come ad esempio la sindrome del tunnel carpale.<\/p>\n<\/div><div class=\"fusion-clearfix\"><\/div><\/div><\/div><\/div><\/div><div class=\"fusion-fullwidth fullwidth-box fusion-builder-row-3 nonhundred-percent-fullwidth non-hundred-percent-height-scrolling\" style=\"--awb-border-radius-top-left:0px;--awb-border-radius-top-right:0px;--awb-border-radius-bottom-right:0px;--awb-border-radius-bottom-left:0px;--awb-flex-wrap:wrap;\" ><div class=\"fusion-builder-row fusion-row\"><div class=\"fusion-layout-column fusion_builder_column fusion-builder-column-6 fusion_builder_column_1_1 1_1 fusion-one-full fusion-column-first fusion-column-last\" style=\"--awb-padding-top:50px;--awb-bg-size:cover;\"><div class=\"fusion-column-wrapper fusion-flex-column-wrapper-legacy\"><div class=\"fusion-text fusion-text-6\"><h4 style=\"text-align: center;\">Per saperne di pi\u00f9 sui Nucleotidi Prosol per il sistema nervoso<\/h4>\n<\/div><div class=\"fusion-aligncenter\"><a class=\"fusion-button button-flat button-xlarge button-default fusion-button-default button-1 fusion-button-default-span fusion-button-default-type\" target=\"_self\" href=\"http:\/\/www.prosol.it\/it\/contatti\/\"><span class=\"fusion-button-text awb-button__text awb-button__text--default\">CONTATTACI<\/span><\/a><\/div><div class=\"fusion-clearfix\"><\/div><\/div><\/div><\/div><\/div><\/p>\n","protected":false},"excerpt":{"rendered":"","protected":false},"author":6,"featured_media":0,"parent":0,"menu_order":0,"comment_status":"closed","ping_status":"closed","template":"100-width.php","meta":{"footnotes":""},"class_list":["post-7529","page","type-page","status-publish","hentry"],"_links":{"self":[{"href":"https:\/\/www.prosol.it\/it\/wp-json\/wp\/v2\/pages\/7529","targetHints":{"allow":["GET"]}}],"collection":[{"href":"https:\/\/www.prosol.it\/it\/wp-json\/wp\/v2\/pages"}],"about":[{"href":"https:\/\/www.prosol.it\/it\/wp-json\/wp\/v2\/types\/page"}],"author":[{"embeddable":true,"href":"https:\/\/www.prosol.it\/it\/wp-json\/wp\/v2\/users\/6"}],"replies":[{"embeddable":true,"href":"https:\/\/www.prosol.it\/it\/wp-json\/wp\/v2\/comments?post=7529"}],"version-history":[{"count":0,"href":"https:\/\/www.prosol.it\/it\/wp-json\/wp\/v2\/pages\/7529\/revisions"}],"wp:attachment":[{"href":"https:\/\/www.prosol.it\/it\/wp-json\/wp\/v2\/media?parent=7529"}],"curies":[{"name":"wp","href":"https:\/\/api.w.org\/{rel}","templated":true}]}}