{"id":7300,"date":"2019-01-15T14:53:47","date_gmt":"2019-01-15T14:53:47","guid":{"rendered":"http:\/\/www.prosol.it\/nucleotides-in-infant-formula\/"},"modified":"2021-03-05T15:16:57","modified_gmt":"2021-03-05T15:16:57","slug":"nucleotidi-formule-lattanti","status":"publish","type":"page","link":"https:\/\/www.prosol.it\/it\/nucleotidi-formule-lattanti\/","title":{"rendered":"Latti per l&#8217;infanzia"},"content":{"rendered":"<div class=\"fusion-fullwidth fullwidth-box fusion-builder-row-1 hundred-percent-fullwidth non-hundred-percent-height-scrolling\" style=\"--awb-border-radius-top-left:0px;--awb-border-radius-top-right:0px;--awb-border-radius-bottom-right:0px;--awb-border-radius-bottom-left:0px;--awb-padding-top:0px;--awb-padding-right:0px;--awb-padding-bottom:0px;--awb-padding-left:0px;--awb-flex-wrap:wrap;\" ><div class=\"fusion-builder-row fusion-row\"><div class=\"fusion-layout-column fusion_builder_column fusion-builder-column-0 fusion_builder_column_1_2 1_2 fusion-one-half fusion-column-first\" style=\"--awb-padding-top:50px;--awb-padding-right:40px;--awb-padding-bottom:50px;--awb-padding-left:40px;--awb-bg-size:cover;width:50%;width:calc(50% - ( ( 0 ) * 0.5 ) );margin-right: 0px;\"><div class=\"fusion-column-wrapper fusion-flex-column-wrapper-legacy\"><div class=\"fusion-title title fusion-title-1 fusion-sep-none fusion-title-text fusion-title-size-one\"><h1 class=\"fusion-title-heading title-heading-left fusion-responsive-typography-calculated\" style=\"margin:0;--fontSize:36;line-height:1.1;\"><h2>Nucleotidi &amp; Latti per l&#8217;infanzia<\/h2><\/h1><\/div><div class=\"fusion-sep-clear\"><\/div><div class=\"fusion-separator fusion-clearfix\" style=\"float:left;margin-top:0px;margin-bottom:20px;width:100%;max-width:100px;\"><div class=\"fusion-separator-border sep-single sep-solid\" style=\"--awb-height:20px;--awb-amount:20px;--awb-sep-color:#00904a;border-color:#00904a;border-top-width:2px;\"><\/div><\/div><div class=\"fusion-sep-clear\"><\/div><div class=\"fusion-text fusion-text-1\"><p>I <strong>neonati<\/strong> richiedono combinazioni molto specifiche di nutrienti per il loro sviluppo e per una crescita sana.<\/p>\n<p>I vantaggi dei <strong>nucleotidi nelle formule di latte artificiale per neonati<\/strong> sono stati testati in diversi studi clinici. I risultati di questi studi hanno rilevato che i nucleotidi conferiscono effetti benefici nella fase iniziale della vita umana.<\/p>\n<p>Il latte materno contiene nucleotidi ed \u00e8 considerato il migliore alimento in assoluto per la crescita del bambino. La composizione del latte materno \u00e8 infatti uno dei modelli primari per la formulazione di questi alimenti per bambini. Ecco perch\u00e9 alcune aziende farmaceutiche nel mercato delle formule di latte artificiale per neonati hanno iniziato a studiare anche l&#8217;importanza fisiologica di queste molecole.<\/p>\n<\/div><div class=\"fusion-clearfix\"><\/div><\/div><\/div><div class=\"fusion-layout-column fusion_builder_column fusion-builder-column-1 fusion_builder_column_1_2 1_2 fusion-one-half fusion-column-last fusion-column-inner-bg-wrapper\" style=\"--awb-inner-bg-size:cover;width:50%;width:calc(50% - ( ( 0 ) * 0.5 ) );\"><span class=\"fusion-column-inner-bg hover-type-zoomin\"><span class=\"fusion-column-anchor\"><span class=\"fusion-column-inner-bg-image\"><\/span><\/span><\/span><div class=\"fusion-column-wrapper fusion-flex-column-wrapper-legacy\"><div class=\"fusion-image-element in-legacy-container\" style=\"--awb-caption-title-font-family:var(--h2_typography-font-family);--awb-caption-title-font-weight:var(--h2_typography-font-weight);--awb-caption-title-font-style:var(--h2_typography-font-style);--awb-caption-title-size:var(--h2_typography-font-size);--awb-caption-title-transform:var(--h2_typography-text-transform);--awb-caption-title-line-height:var(--h2_typography-line-height);--awb-caption-title-letter-spacing:var(--h2_typography-letter-spacing);\"><span class=\" fusion-imageframe imageframe-none imageframe-1 hover-type-none\"><img decoding=\"async\" width=\"800\" height=\"600\" title=\"img_infant_2\" src=\"http:\/\/www.prosol.it\/wp-content\/uploads\/2019\/01\/img_infant_2.jpg\" alt class=\"img-responsive wp-image-7301\" srcset=\"https:\/\/www.prosol.it\/wp-content\/uploads\/2019\/01\/img_infant_2-200x150.jpg 200w, https:\/\/www.prosol.it\/wp-content\/uploads\/2019\/01\/img_infant_2-400x300.jpg 400w, https:\/\/www.prosol.it\/wp-content\/uploads\/2019\/01\/img_infant_2-600x450.jpg 600w, https:\/\/www.prosol.it\/wp-content\/uploads\/2019\/01\/img_infant_2.jpg 800w\" sizes=\"(max-width: 1024px) 100vw, 600px\" \/><\/span><\/div><div class=\"fusion-clearfix\"><\/div><\/div><\/div><div class=\"fusion-layout-column fusion_builder_column fusion-builder-column-2 fusion_builder_column_1_1 1_1 fusion-one-full fusion-column-first fusion-column-last fusion-column-no-min-height\" style=\"--awb-padding-top:70px;--awb-padding-right:40px;--awb-padding-bottom:50px;--awb-padding-left:40px;--awb-bg-size:cover;\"><div class=\"fusion-column-wrapper fusion-flex-column-wrapper-legacy\"><div class=\"fusion-title title fusion-title-2 fusion-sep-none fusion-title-text fusion-title-size-one\"><h1 class=\"fusion-title-heading title-heading-left fusion-responsive-typography-calculated\" style=\"margin:0;--fontSize:36;line-height:1.1;\"><h2>Vantaggi dei Nucleotidi nei latti per l&#8217;infanzia<\/h2><\/h1><\/div><div class=\"fusion-text fusion-text-2\"><p>Studi in vitro e in vivo hanno dimostrato che i <strong>nucleotidi<\/strong> influenzano positivamente il benessere della <strong>barriera intestinale<\/strong>. Essi contribuiscono cos\u00ec a migliorare la <strong>risposta immunitaria<\/strong>, favorendo in particolare la maturazione dei linfociti e l\u2019espressione degli anticorpi (Ig) e favoriscono la crescita dei Bifidobatteri a livello intestinale.<\/p>\n<p>I nucleotidi inclusi nelle formule per neonati sono normalmente una miscela dei singoli nucleotidi\u00a0 al fine di rendere il latte in polvere il pi\u00f9 simile possibile al latte materno. Le principali societ\u00e0 multinazionali in tutto il mondo aggiungono i nucleotidi nelle <strong>formule di latte artificiale<\/strong>\u00a0di tipo\u00a01\u00a0e di tipo\u00a02 da ormai pi\u00f9 di 30 anni.<\/p>\n<\/div><div class=\"fusion-clearfix\"><\/div><\/div><\/div><div class=\"fusion-layout-column fusion_builder_column fusion-builder-column-3 fusion_builder_column_1_2 1_2 fusion-one-half fusion-column-first fusion-column-no-min-height\" style=\"--awb-padding-top:50px;--awb-padding-right:40px;--awb-padding-bottom:50px;--awb-padding-left:40px;--awb-bg-color:rgba(96,179,69,0.45);--awb-bg-color-hover:rgba(96,179,69,0.45);--awb-bg-size:cover;width:50%;width:calc(50% - ( ( 0px ) * 0.5 ) );margin-right: 0px;\"><div class=\"fusion-column-wrapper fusion-flex-column-wrapper-legacy\"><div class=\"fusion-column-content-centered\"><div class=\"fusion-column-content\"><div class=\"fusion-text fusion-text-3\"><p>I <strong>nucleotidi<\/strong> sono stati commercialmente utilizzati nelle formule per neonati umani per molti anni, come un modo per migliorare lo sviluppo gastrico e la funzione immunitaria precoce.<\/p>\n<p class=\"p1\"><i>(Helembai et al., 2006; Ruihua et al., 2006)<\/i><\/p>\n<\/div><\/div><\/div><div class=\"fusion-clearfix\"><\/div><\/div><\/div><div class=\"fusion-layout-column fusion_builder_column fusion-builder-column-4 fusion_builder_column_1_2 1_2 fusion-one-half fusion-column-last fusion-column-no-min-height\" style=\"--awb-padding-top:50px;--awb-padding-right:40px;--awb-padding-bottom:50px;--awb-padding-left:40px;--awb-bg-color:#f2f2f2;--awb-bg-color-hover:#f2f2f2;--awb-bg-size:cover;width:50%;width:calc(50% - ( ( 0px ) * 0.5 ) );\"><div class=\"fusion-column-wrapper fusion-flex-column-wrapper-legacy\"><div class=\"fusion-column-content-centered\"><div class=\"fusion-column-content\"><div class=\"fusion-text fusion-text-4\"><p><strong>Prosol<\/strong> aiuta i produttori di alimenti per bambini con ingredienti nutrizionali di alta qualit\u00e0 per sostenere la crescita e il sistema immunitario durante i primi anni di vita. Dal 1999, Prosol \u00e8 fornitore strategico di <strong>miscele di nucleotidi<\/strong> utilizzate per questo specifico segmento di mercato. Il marchio per questa gamma di prodotti \u00e8 <a href=\"http:\/\/www.prosol.it\/it\/ribocare\/\"><strong>RIBOCARE\u00ae<\/strong><\/a><\/p>\n<\/div><\/div><\/div><div class=\"fusion-clearfix\"><\/div><\/div><\/div><div class=\"fusion-layout-column fusion_builder_column fusion-builder-column-5 fusion_builder_column_1_1 1_1 fusion-one-full fusion-column-first fusion-column-last fusion-column-no-min-height\" style=\"--awb-padding-top:50px;--awb-bg-size:cover;\"><div class=\"fusion-column-wrapper fusion-flex-column-wrapper-legacy\"><div class=\"fusion-text fusion-text-5\"><h4 style=\"text-align: center;\">Vuoi saperne di pi\u00f9 sui nucleotidi nei latti per l&#8217;infanzia?<\/h4>\n<\/div><div class=\"fusion-aligncenter\"><a class=\"fusion-button button-flat button-xlarge button-default fusion-button-default button-1 fusion-button-default-span fusion-button-default-type\" target=\"_self\" href=\"http:\/\/www.prosol.it\/it\/contatti\/\"><span class=\"fusion-button-text awb-button__text awb-button__text--default\">Richiedi informazioni<\/span><\/a><\/div><div class=\"fusion-clearfix\"><\/div><\/div><\/div><\/div><\/div>\n","protected":false},"excerpt":{"rendered":"","protected":false},"author":6,"featured_media":0,"parent":0,"menu_order":0,"comment_status":"closed","ping_status":"closed","template":"100-width.php","meta":{"footnotes":""},"class_list":["post-7300","page","type-page","status-publish","hentry"],"_links":{"self":[{"href":"https:\/\/www.prosol.it\/it\/wp-json\/wp\/v2\/pages\/7300","targetHints":{"allow":["GET"]}}],"collection":[{"href":"https:\/\/www.prosol.it\/it\/wp-json\/wp\/v2\/pages"}],"about":[{"href":"https:\/\/www.prosol.it\/it\/wp-json\/wp\/v2\/types\/page"}],"author":[{"embeddable":true,"href":"https:\/\/www.prosol.it\/it\/wp-json\/wp\/v2\/users\/6"}],"replies":[{"embeddable":true,"href":"https:\/\/www.prosol.it\/it\/wp-json\/wp\/v2\/comments?post=7300"}],"version-history":[{"count":0,"href":"https:\/\/www.prosol.it\/it\/wp-json\/wp\/v2\/pages\/7300\/revisions"}],"wp:attachment":[{"href":"https:\/\/www.prosol.it\/it\/wp-json\/wp\/v2\/media?parent=7300"}],"curies":[{"name":"wp","href":"https:\/\/api.w.org\/{rel}","templated":true}]}}