{"id":7282,"date":"2018-10-30T13:12:22","date_gmt":"2018-10-30T13:12:22","guid":{"rendered":"http:\/\/www.prosol.it\/nucleotides\/"},"modified":"2021-02-19T17:09:46","modified_gmt":"2021-02-19T17:09:46","slug":"nucleotidi","status":"publish","type":"page","link":"https:\/\/www.prosol.it\/it\/nucleotidi\/","title":{"rendered":"Nucleotidi"},"content":{"rendered":"<p><div class=\"fusion-fullwidth fullwidth-box fusion-builder-row-1 hundred-percent-fullwidth non-hundred-percent-height-scrolling\" style=\"--awb-border-radius-top-left:0px;--awb-border-radius-top-right:0px;--awb-border-radius-bottom-right:0px;--awb-border-radius-bottom-left:0px;--awb-padding-top:0px;--awb-padding-right:0px;--awb-padding-bottom:0px;--awb-padding-left:0px;--awb-flex-wrap:wrap;\" ><div class=\"fusion-builder-row fusion-row\"><div class=\"fusion-layout-column fusion_builder_column fusion-builder-column-0 fusion_builder_column_1_2 1_2 fusion-one-half fusion-column-first\" style=\"--awb-padding-top:50px;--awb-padding-right:40px;--awb-padding-bottom:50px;--awb-padding-left:40px;--awb-bg-size:cover;width:50%;width:calc(50% - ( ( 0 ) * 0.5 ) );margin-right: 0px;\"><div class=\"fusion-column-wrapper fusion-flex-column-wrapper-legacy\"><div class=\"fusion-title title fusion-title-1 fusion-sep-none fusion-title-text fusion-title-size-one\"><h1 class=\"fusion-title-heading title-heading-left fusion-responsive-typography-calculated\" style=\"margin:0;--fontSize:36;line-height:1.1;\"><h2>L&#8217;eccellenza nella produzione di Nucleotidi<\/h2><\/h1><\/div><div class=\"fusion-sep-clear\"><\/div><div class=\"fusion-separator fusion-clearfix\" style=\"float:left;margin-bottom:20px;width:100%;max-width:100px;\"><div class=\"fusion-separator-border sep-single sep-solid\" style=\"--awb-height:20px;--awb-amount:20px;--awb-sep-color:#00904a;border-color:#00904a;border-top-width:2px;\"><\/div><\/div><div class=\"fusion-sep-clear\"><\/div><div class=\"fusion-text fusion-text-1\"><p>I <strong>Nucleotidi<\/strong> sono le unit\u00e0 che compongono gli acidi nucleici (<strong>DNA<\/strong> e <strong>RNA<\/strong>). Sono considerati veri nutraceutici o ingredienti funzionali per i benefici che apportano alla salute e sono spesso utilizzati per migliorare la <strong>resistenza alle malattie<\/strong>, <strong>ridurre la mortalit\u00e0<\/strong> e <strong>promuovere la crescita<\/strong>.<br \/>\nSono composti intracellulari a basso peso molecolare composti da uno zucchero, una base azotata e uno o pi\u00f9 gruppi fosfato e giocano un ruolo chiave nella cellula.<\/p>\n<p>Le loro funzioni principali sono:<\/p>\n<p>\u2022 <strong>Strutturali<\/strong> (basi per la costruzione di acidi nucleici)<br \/>\n\u2022 <strong>Energia<\/strong> (vettori, come ATP)<br \/>\n\u2022 <strong>Co-enzimatico<\/strong> (sintesi di macromolecole come gruppi -CH, grassi e proteine)<br \/>\n\u2022 <strong>Messaggeri<\/strong> (trasduzione del segnale intracellulare attraverso la membrana cellulare)<\/p>\n<\/div><div class=\"fusion-clearfix\"><\/div><\/div><\/div><div class=\"fusion-layout-column fusion_builder_column fusion-builder-column-1 fusion_builder_column_1_2 1_2 fusion-one-half fusion-column-last fusion-column-inner-bg-wrapper\" style=\"--awb-inner-bg-position:center center;--awb-inner-bg-size:cover;width:50%;width:calc(50% - ( ( 0 ) * 0.5 ) );\"><span class=\"fusion-column-inner-bg hover-type-zoomin\"><span class=\"fusion-column-anchor\"><span class=\"fusion-column-inner-bg-image\"><\/span><\/span><\/span><div class=\"fusion-column-wrapper fusion-flex-column-wrapper-legacy\"><div class=\"fusion-image-element in-legacy-container\" style=\"--awb-caption-title-font-family:var(--h2_typography-font-family);--awb-caption-title-font-weight:var(--h2_typography-font-weight);--awb-caption-title-font-style:var(--h2_typography-font-style);--awb-caption-title-size:var(--h2_typography-font-size);--awb-caption-title-transform:var(--h2_typography-text-transform);--awb-caption-title-line-height:var(--h2_typography-line-height);--awb-caption-title-letter-spacing:var(--h2_typography-letter-spacing);\"><span class=\" fusion-imageframe imageframe-none imageframe-1 hover-type-none\"><img decoding=\"async\" width=\"800\" height=\"600\" title=\"img_rna\" src=\"http:\/\/www.prosol.it\/wp-content\/uploads\/2018\/11\/img_rna.jpg\" alt class=\"img-responsive wp-image-7278\" srcset=\"https:\/\/www.prosol.it\/wp-content\/uploads\/2018\/11\/img_rna-200x150.jpg 200w, https:\/\/www.prosol.it\/wp-content\/uploads\/2018\/11\/img_rna-400x300.jpg 400w, https:\/\/www.prosol.it\/wp-content\/uploads\/2018\/11\/img_rna-600x450.jpg 600w, https:\/\/www.prosol.it\/wp-content\/uploads\/2018\/11\/img_rna.jpg 800w\" sizes=\"(max-width: 1024px) 100vw, 600px\" \/><\/span><\/div><div class=\"fusion-clearfix\"><\/div><\/div><\/div><div class=\"fusion-layout-column fusion_builder_column fusion-builder-column-2 fusion_builder_column_1_1 1_1 fusion-one-full fusion-column-first fusion-column-last\" style=\"--awb-padding-right:40px;--awb-padding-bottom:50px;--awb-padding-left:40px;--awb-bg-size:cover;\"><div class=\"fusion-column-wrapper fusion-flex-column-wrapper-legacy\"><div class=\"fusion-text fusion-text-2\"><h4 style=\"text-align: center;\">Prosol \u00e8 un fornitore internazionale di Nucleotidi prodotti da idrolisi enzimatica dell&#8217;RNA secondo i pi\u00f9 elevati standard europei di qualit\u00e0. Contattaci per saperne di pi\u00f9.<\/h4>\n<\/div><div class=\"fusion-aligncenter\"><a class=\"fusion-button button-flat fusion-button-default-size button-default fusion-button-default button-1 fusion-button-default-span fusion-button-default-type\" target=\"_self\" href=\"http:\/\/www.prosol.it\/it\/contatti\/\"><span class=\"fusion-button-text awb-button__text awb-button__text--default\">RICHIEDI INFORMAZIONI<\/span><\/a><\/div><div class=\"fusion-clearfix\"><\/div><\/div><\/div><\/div><\/div><div class=\"fusion-fullwidth fullwidth-box fusion-builder-row-2 hundred-percent-fullwidth non-hundred-percent-height-scrolling\" style=\"--awb-border-radius-top-left:0px;--awb-border-radius-top-right:0px;--awb-border-radius-bottom-right:0px;--awb-border-radius-bottom-left:0px;--awb-background-color:#00904a;--awb-flex-wrap:wrap;\" ><div class=\"fusion-builder-row fusion-row\"><div class=\"fusion-layout-column fusion_builder_column fusion-builder-column-3 fusion_builder_column_1_1 1_1 fusion-one-full fusion-column-first fusion-column-last\" style=\"--awb-padding-top:50px;--awb-padding-bottom:50px;--awb-bg-size:cover;\"><div class=\"fusion-column-wrapper fusion-flex-column-wrapper-legacy\"><div class=\"fusion-video fusion-youtube fusion-aligncenter\" style=\"--awb-max-width:600px;--awb-max-height:360px;--awb-width:100%;\"><div class=\"video-shortcode\"><div class=\"fluid-width-video-wrapper\" style=\"padding-top:60%;\" ><iframe title=\"YouTube video player 1\" src=\"https:\/\/www.youtube.com\/embed\/z8qXj0Fzir4?wmode=transparent&autoplay=0&oida=1\" width=\"600\" height=\"360\" allowfullscreen allow=\"autoplay; clipboard-write; encrypted-media; gyroscope; picture-in-picture;\"><\/iframe><\/div><\/div><\/div><div class=\"fusion-clearfix\"><\/div><\/div><\/div><\/div><\/div><div class=\"fusion-fullwidth fullwidth-box fusion-builder-row-3 hundred-percent-fullwidth non-hundred-percent-height-scrolling fusion-equal-height-columns\" style=\"--awb-border-radius-top-left:0px;--awb-border-radius-top-right:0px;--awb-border-radius-bottom-right:0px;--awb-border-radius-bottom-left:0px;--awb-padding-top:0px;--awb-padding-right:0px;--awb-padding-bottom:0px;--awb-padding-left:0px;--awb-flex-wrap:wrap;\" ><div class=\"fusion-builder-row fusion-row\"><div class=\"fusion-layout-column fusion_builder_column fusion-builder-column-4 fusion_builder_column_1_2 1_2 fusion-one-half fusion-column-first\" style=\"--awb-bg-image:url(&#039;http:\/\/www.biosprint.eu.com\/wp-content\/uploads\/2019\/01\/gallery_12.jpg&#039;);--awb-bg-position:center center;--awb-bg-size:cover;width:50%;width:calc(50% - ( ( 0 ) * 0.5 ) );margin-right: 0px;\"><div class=\"fusion-column-wrapper fusion-flex-column-wrapper-legacy fusion-column-has-bg-image\" data-bg-url=\"http:\/\/www.biosprint.eu.com\/wp-content\/uploads\/2019\/01\/gallery_12.jpg\"><div class=\"fusion-image-element in-legacy-container\" style=\"--awb-caption-title-font-family:var(--h2_typography-font-family);--awb-caption-title-font-weight:var(--h2_typography-font-weight);--awb-caption-title-font-style:var(--h2_typography-font-style);--awb-caption-title-size:var(--h2_typography-font-size);--awb-caption-title-transform:var(--h2_typography-text-transform);--awb-caption-title-line-height:var(--h2_typography-line-height);--awb-caption-title-letter-spacing:var(--h2_typography-letter-spacing);\"><span class=\" fusion-imageframe imageframe-none imageframe-2 hover-type-none\"><img decoding=\"async\" width=\"800\" height=\"600\" title=\"prosol-rna\" src=\"http:\/\/www.prosol.it\/wp-content\/uploads\/2019\/01\/img_RNA_3.jpg\" alt class=\"img-responsive wp-image-7449\" srcset=\"https:\/\/www.prosol.it\/wp-content\/uploads\/2019\/01\/img_RNA_3-200x150.jpg 200w, https:\/\/www.prosol.it\/wp-content\/uploads\/2019\/01\/img_RNA_3-400x300.jpg 400w, https:\/\/www.prosol.it\/wp-content\/uploads\/2019\/01\/img_RNA_3-600x450.jpg 600w, https:\/\/www.prosol.it\/wp-content\/uploads\/2019\/01\/img_RNA_3.jpg 800w\" sizes=\"(max-width: 1024px) 100vw, 600px\" \/><\/span><\/div><div class=\"fusion-clearfix\"><\/div><\/div><\/div><div class=\"fusion-layout-column fusion_builder_column fusion-builder-column-5 fusion_builder_column_1_2 1_2 fusion-one-half fusion-column-last\" style=\"--awb-padding-top:50px;--awb-padding-right:40px;--awb-padding-bottom:50px;--awb-padding-left:40px;--awb-bg-size:cover;width:50%;width:calc(50% - ( ( 0 ) * 0.5 ) );\"><div class=\"fusion-column-wrapper fusion-flex-column-wrapper-legacy\"><div class=\"fusion-title title fusion-title-2 fusion-sep-none fusion-title-text fusion-title-size-one\"><h1 class=\"fusion-title-heading title-heading-left fusion-responsive-typography-calculated\" style=\"margin:0;--fontSize:36;line-height:1.1;\"><h2>Vantaggi nell&#8217;utilizzo dei Nucleotidi<\/h2><\/h1><\/div><div class=\"fusion-sep-clear\"><\/div><div class=\"fusion-separator fusion-clearfix\" style=\"float:left;margin-bottom:30px;width:100%;max-width:100px;\"><div class=\"fusion-separator-border sep-single sep-solid\" style=\"--awb-height:20px;--awb-amount:20px;--awb-sep-color:#00904a;border-color:#00904a;border-top-width:2px;\"><\/div><\/div><div class=\"fusion-sep-clear\"><\/div><div class=\"fusion-text fusion-text-3\"><p>Diversi studi hanno confermato che l&#8217;aggiunta di una certa quantit\u00e0 di <strong>RNA<\/strong> o <strong>Nucleotidi<\/strong> alla dieta \u00e8 fondamentale per affrontare fasi importanti o momenti critici della vita, come periodi di convalescenza, di crescita o dopo una malattia. La sintesi de-novo, infatti, non soddisfa a pieno le esigenze di molti tessuti in particolari fasi fisiologiche della vita, rendendo cos\u00ec necessario un rinforzo da una fonte alimentare esterna.<\/p>\n<p>Studi condotti sull&#8217;uomo hanno dimostrato che l&#8217;inclusione alimentare di RNA e nucleotidi nella dieta determina diversi effetti positivi su diversi tessuti del corpo.<\/p>\n<\/div><div class=\"fusion-clearfix\"><\/div><\/div><\/div><\/div><\/div><div class=\"fusion-fullwidth fullwidth-box fusion-builder-row-4 hundred-percent-fullwidth non-hundred-percent-height-scrolling fusion-equal-height-columns\" style=\"--awb-border-radius-top-left:0px;--awb-border-radius-top-right:0px;--awb-border-radius-bottom-right:0px;--awb-border-radius-bottom-left:0px;--awb-padding-top:0px;--awb-padding-right:0px;--awb-padding-bottom:0px;--awb-padding-left:0px;--awb-flex-wrap:wrap;\" ><div class=\"fusion-builder-row fusion-row\"><div class=\"fusion-layout-column fusion_builder_column fusion-builder-column-6 fusion_builder_column_1_2 1_2 fusion-one-half fusion-column-first fusion-column-no-min-height\" style=\"--awb-padding-top:50px;--awb-padding-right:6%;--awb-padding-bottom:50px;--awb-padding-left:6%;--awb-bg-color:rgba(139,195,74,0.62);--awb-bg-color-hover:rgba(139,195,74,0.62);--awb-bg-size:cover;width:50%;width:calc(50% - ( ( 0 ) * 0.5 ) );margin-right: 0px;\"><div class=\"fusion-column-wrapper fusion-flex-column-wrapper-legacy\"><div class=\"fusion-sep-clear\"><\/div><div class=\"fusion-separator fusion-full-width-sep\" style=\"margin-left: auto;margin-right: auto;margin-bottom:30px;width:100%;\"><\/div><div class=\"fusion-sep-clear\"><\/div><div class=\"fusion-text fusion-text-4\"><h3>Importanza dei nucleotidi<\/h3>\n<\/div><div class=\"fusion-text fusion-text-5\"><p class=\"p1\">\u2022 Miglioramento della risposta immunitaria<br \/>\n\u2022 Recupero veloce della risposta immunitaria<br \/>\n\u2022 Salute del tratto gastrointestinale<br \/>\n\u2022 Fattore di crescita cellulare<br \/>\n\u2022 Miglioramento del metabolismo degli acidi grassi insaturi<br \/>\n\u2022 Effetti benefici sul benessere intestinale<\/p>\n<\/div><div class=\"fusion-clearfix\"><\/div><\/div><\/div><div class=\"fusion-layout-column fusion_builder_column fusion-builder-column-7 fusion_builder_column_1_2 1_2 fusion-one-half fusion-column-last fusion-column-no-min-height\" style=\"--awb-padding-top:50px;--awb-padding-right:6%;--awb-padding-bottom:95px;--awb-padding-left:6%;--awb-bg-color:rgba(0,0,0,0.1);--awb-bg-color-hover:rgba(0,0,0,0.1);--awb-bg-size:cover;width:50%;width:calc(50% - ( ( 0 ) * 0.5 ) );\"><div class=\"fusion-column-wrapper fusion-flex-column-wrapper-legacy\"><div class=\"fusion-sep-clear\"><\/div><div class=\"fusion-separator fusion-full-width-sep\" style=\"margin-left: auto;margin-right: auto;margin-bottom:30px;width:100%;\"><\/div><div class=\"fusion-sep-clear\"><\/div><div class=\"fusion-text fusion-text-6\"><h3>Caratteristiche dei Nucleotidi Prosol<\/h3>\n<\/div><div class=\"fusion-text fusion-text-7\"><p class=\"p1\">\u2022 Prodotti da idrolisi enzimatica<br \/>\n\u2022 Standard europei di alta qualit\u00e0<br \/>\n\u2022 Interamente made in Italy e completamente tracciabili<br \/>\n\u2022 Soluzioni personalizzate per esigenze specifiche<\/p>\n<\/div><div class=\"fusion-clearfix\"><\/div><\/div><\/div><\/div><\/div><div class=\"fusion-fullwidth fullwidth-box fusion-builder-row-5 nonhundred-percent-fullwidth non-hundred-percent-height-scrolling\" style=\"--awb-border-radius-top-left:0px;--awb-border-radius-top-right:0px;--awb-border-radius-bottom-right:0px;--awb-border-radius-bottom-left:0px;--awb-flex-wrap:wrap;\" ><div class=\"fusion-builder-row fusion-row\"><div class=\"fusion-layout-column fusion_builder_column fusion-builder-column-8 fusion_builder_column_1_1 1_1 fusion-one-full fusion-column-first fusion-column-last\" style=\"--awb-bg-size:cover;\"><div class=\"fusion-column-wrapper fusion-flex-column-wrapper-legacy\"><div class=\"fusion-sep-clear\"><\/div><div class=\"fusion-separator fusion-full-width-sep\" style=\"margin-left: auto;margin-right: auto;margin-bottom:30px;width:100%;\"><\/div><div class=\"fusion-sep-clear\"><\/div><div class=\"fusion-text fusion-text-8\"><h4 style=\"text-align: center;\">Vuoi saperne di pi\u00f9 sui Nucleotidi Prosol?<\/h4>\n<\/div><div class=\"fusion-aligncenter\"><a class=\"fusion-button button-flat button-xlarge button-default fusion-button-default button-2 fusion-button-default-span fusion-button-default-type\" target=\"_self\" title=\"REQUEST INFO\" aria-label=\"REQUEST INFO\" href=\"http:\/\/www.prosol.it\/it\/contatti\/\"><span class=\"fusion-button-text awb-button__text awb-button__text--default\">Richiedi informazioni<\/span><\/a><\/div><div class=\"fusion-clearfix\"><\/div><\/div><\/div><\/div><\/div><\/p>\n","protected":false},"excerpt":{"rendered":"","protected":false},"author":6,"featured_media":0,"parent":0,"menu_order":0,"comment_status":"closed","ping_status":"closed","template":"100-width.php","meta":{"footnotes":""},"class_list":["post-7282","page","type-page","status-publish","hentry"],"_links":{"self":[{"href":"https:\/\/www.prosol.it\/it\/wp-json\/wp\/v2\/pages\/7282","targetHints":{"allow":["GET"]}}],"collection":[{"href":"https:\/\/www.prosol.it\/it\/wp-json\/wp\/v2\/pages"}],"about":[{"href":"https:\/\/www.prosol.it\/it\/wp-json\/wp\/v2\/types\/page"}],"author":[{"embeddable":true,"href":"https:\/\/www.prosol.it\/it\/wp-json\/wp\/v2\/users\/6"}],"replies":[{"embeddable":true,"href":"https:\/\/www.prosol.it\/it\/wp-json\/wp\/v2\/comments?post=7282"}],"version-history":[{"count":0,"href":"https:\/\/www.prosol.it\/it\/wp-json\/wp\/v2\/pages\/7282\/revisions"}],"wp:attachment":[{"href":"https:\/\/www.prosol.it\/it\/wp-json\/wp\/v2\/media?parent=7282"}],"curies":[{"name":"wp","href":"https:\/\/api.w.org\/{rel}","templated":true}]}}